{"id":3133,"date":"2025-11-24T06:32:54","date_gmt":"2025-11-24T06:32:54","guid":{"rendered":"https:\/\/zoupwsolar.com\/?post_type=product&#038;p=3133"},"modified":"2025-11-24T06:32:54","modified_gmt":"2025-11-24T06:32:54","slug":"zoupw-180w-folding-etfe-solar-panel","status":"publish","type":"product","link":"https:\/\/zoupwsolar.com\/de\/produkt\/zoupw-180w-folding-etfe-solar-panel\/","title":{"rendered":"ZOUPW 180W faltbares ETFE-Solarmodul"},"content":{"rendered":"<p>Die faltbaren Solarmodule der ZOUPW-Serie sind leicht, langlebig und mit einer Vielzahl von Ger\u00e4ten kompatibel. Mit umfassendem Sicherheitsschutz und faltbarem, tragbarem Design sind sie ideal f\u00fcr Wohnmobile, Camping und netzunabh\u00e4ngige Notstromversorgung und liefern effiziente und zuverl\u00e4ssige Energie f\u00fcr Energiespeichersysteme und den Au\u00dfeneinsatz.<\/p>","protected":false},"excerpt":{"rendered":"<p><b>Eigenschaften <\/b><\/p>\n<p>\u25c6 N-Typ-Zellen mit 25% Wirkungsgrad.<\/p>\n<p>\u25c6 16BB-Design f\u00fcr hervorragende Leistung bei schwachem Licht und lange Lebensdauer.<\/p>\n<p>Langlebige ETFE-Schicht f\u00fcr Wasser- und Staubdichtigkeit und hohe Temperaturbest\u00e4ndigkeit.<\/p>\n<p>Der Aluminiumrahmen und die Wasserdichtheitsklasse IP68 sorgen daf\u00fcr, dass die Kamera auch unter schwierigen Au\u00dfenbedingungen funktioniert.<\/p>\n<p>\u25c6 Breite Kompatibilit\u00e4t mit Kraftwerken.<\/p>\n<p>\u25c6 Das faltbare Design mit verst\u00e4rkten Fu\u00dfst\u00fctzen l\u00e4sst sich f\u00fcr Outdoor-Abenteuer leicht aufstellen.<\/p>","protected":false},"featured_media":3134,"template":"","meta":{"site-sidebar-layout":"default","site-content-layout":"","ast-site-content-layout":"default","site-content-style":"default","site-sidebar-style":"default","ast-global-header-display":"","ast-banner-title-visibility":"","ast-main-header-display":"","ast-hfb-above-header-display":"","ast-hfb-below-header-display":"","ast-hfb-mobile-header-display":"","site-post-title":"","ast-breadcrumbs-content":"","ast-featured-img":"","footer-sml-layout":"","theme-transparent-header-meta":"default","adv-header-id-meta":"","stick-header-meta":"","header-above-stick-meta":"","header-main-stick-meta":"","header-below-stick-meta":"","astra-migrate-meta-layouts":"set","ast-page-background-enabled":"default","ast-page-background-meta":{"desktop":{"background-color":"var(--ast-global-color-4)","background-image":"","background-repeat":"repeat","background-position":"center center","background-size":"auto","background-attachment":"scroll","background-type":"","background-media":"","overlay-type":"","overlay-color":"","overlay-opacity":"","overlay-gradient":""},"tablet":{"background-color":"","background-image":"","background-repeat":"repeat","background-position":"center center","background-size":"auto","background-attachment":"scroll","background-type":"","background-media":"","overlay-type":"","overlay-color":"","overlay-opacity":"","overlay-gradient":""},"mobile":{"background-color":"","background-image":"","background-repeat":"repeat","background-position":"center center","background-size":"auto","background-attachment":"scroll","background-type":"","background-media":"","overlay-type":"","overlay-color":"","overlay-opacity":"","overlay-gradient":""}},"ast-content-background-meta":{"desktop":{"background-color":"var(--ast-global-color-5)","background-image":"","background-repeat":"repeat","background-position":"center center","background-size":"auto","background-attachment":"scroll","background-type":"","background-media":"","overlay-type":"","overlay-color":"","overlay-opacity":"","overlay-gradient":""},"tablet":{"background-color":"var(--ast-global-color-5)","background-image":"","background-repeat":"repeat","background-position":"center center","background-size":"auto","background-attachment":"scroll","background-type":"","background-media":"","overlay-type":"","overlay-color":"","overlay-opacity":"","overlay-gradient":""},"mobile":{"background-color":"var(--ast-global-color-5)","background-image":"","background-repeat":"repeat","background-position":"center center","background-size":"auto","background-attachment":"scroll","background-type":"","background-media":"","overlay-type":"","overlay-color":"","overlay-opacity":"","overlay-gradient":""}}},"product_brand":[],"product_cat":[41],"product_tag":[],"class_list":{"0":"post-3133","1":"product","2":"type-product","3":"status-publish","4":"has-post-thumbnail","6":"product_cat-powerfold-series","7":"desktop-align-left","8":"tablet-align-left","9":"mobile-align-left","10":"ast-product-gallery-layout-horizontal-slider","11":"ast-product-tabs-layout-horizontal","13":"first","14":"instock","15":"shipping-taxable","16":"product-type-simple"},"_links":{"self":[{"href":"https:\/\/zoupwsolar.com\/de\/wp-json\/wp\/v2\/product\/3133","targetHints":{"allow":["GET"]}}],"collection":[{"href":"https:\/\/zoupwsolar.com\/de\/wp-json\/wp\/v2\/product"}],"about":[{"href":"https:\/\/zoupwsolar.com\/de\/wp-json\/wp\/v2\/types\/product"}],"wp:featuredmedia":[{"embeddable":true,"href":"https:\/\/zoupwsolar.com\/de\/wp-json\/wp\/v2\/media\/3134"}],"wp:attachment":[{"href":"https:\/\/zoupwsolar.com\/de\/wp-json\/wp\/v2\/media?parent=3133"}],"wp:term":[{"taxonomy":"product_brand","embeddable":true,"href":"https:\/\/zoupwsolar.com\/de\/wp-json\/wp\/v2\/product_brand?post=3133"},{"taxonomy":"product_cat","embeddable":true,"href":"https:\/\/zoupwsolar.com\/de\/wp-json\/wp\/v2\/product_cat?post=3133"},{"taxonomy":"product_tag","embeddable":true,"href":"https:\/\/zoupwsolar.com\/de\/wp-json\/wp\/v2\/product_tag?post=3133"}],"curies":[{"name":"wp","href":"https:\/\/api.w.org\/{rel}","templated":true}]}}