{"id":3087,"date":"2025-11-24T03:21:14","date_gmt":"2025-11-24T03:21:14","guid":{"rendered":"https:\/\/zoupwsolar.com\/?post_type=product&#038;p=3087"},"modified":"2025-11-24T03:24:03","modified_gmt":"2025-11-24T03:24:03","slug":"zoupw-220w-fabric-skin-folding-solar-panel","status":"publish","type":"product","link":"https:\/\/zoupwsolar.com\/es\/producto\/zoupw-220w-fabric-skin-folding-solar-panel\/","title":{"rendered":"Panel solar plegable de piel de tela ZOUPW 220W"},"content":{"rendered":"<p>El panel solar plegable port\u00e1til ZOUPW proporciona energ\u00eda ligera y fiable para uso fuera de la red, viajes y emergencias. Disponible en dise\u00f1os laminados o revestidos de tela, ofrece alta eficiencia, amplia compatibilidad y seguridad integrada, con una forma plegable y de despliegue r\u00e1pido para facilitar su uso en exteriores.<\/p>","protected":false},"excerpt":{"rendered":"<p><b>Caracter\u00edsticas <\/b><\/p>\n<p>\u25c6 C\u00e9lulas de silicio monocristalino Premium A+ con una impresionante eficiencia de conversi\u00f3n.<\/p>\n<p>\u25c6 Capa de ETFE: impermeable, antipolvo, resistente al desgaste y al calor.<\/p>\n<p>\u25c6 Amplia compatibilidad con centrales el\u00e9ctricas, smartphones, tabletas y mucho m\u00e1s.<\/p>\n<p>\u25c6 Controlador USB con protecci\u00f3n de carga m\u00faltiple.<\/p>\n<p>\u25c6 Dise\u00f1o plegable con caballetes para facilitar la instalaci\u00f3n durante las aventuras al aire libre.<\/p>","protected":false},"featured_media":3078,"template":"","meta":{"site-sidebar-layout":"default","site-content-layout":"","ast-site-content-layout":"default","site-content-style":"default","site-sidebar-style":"default","ast-global-header-display":"","ast-banner-title-visibility":"","ast-main-header-display":"","ast-hfb-above-header-display":"","ast-hfb-below-header-display":"","ast-hfb-mobile-header-display":"","site-post-title":"","ast-breadcrumbs-content":"","ast-featured-img":"","footer-sml-layout":"","theme-transparent-header-meta":"default","adv-header-id-meta":"","stick-header-meta":"","header-above-stick-meta":"","header-main-stick-meta":"","header-below-stick-meta":"","astra-migrate-meta-layouts":"set","ast-page-background-enabled":"default","ast-page-background-meta":{"desktop":{"background-color":"var(--ast-global-color-4)","background-image":"","background-repeat":"repeat","background-position":"center center","background-size":"auto","background-attachment":"scroll","background-type":"","background-media":"","overlay-type":"","overlay-color":"","overlay-opacity":"","overlay-gradient":""},"tablet":{"background-color":"","background-image":"","background-repeat":"repeat","background-position":"center center","background-size":"auto","background-attachment":"scroll","background-type":"","background-media":"","overlay-type":"","overlay-color":"","overlay-opacity":"","overlay-gradient":""},"mobile":{"background-color":"","background-image":"","background-repeat":"repeat","background-position":"center center","background-size":"auto","background-attachment":"scroll","background-type":"","background-media":"","overlay-type":"","overlay-color":"","overlay-opacity":"","overlay-gradient":""}},"ast-content-background-meta":{"desktop":{"background-color":"var(--ast-global-color-5)","background-image":"","background-repeat":"repeat","background-position":"center center","background-size":"auto","background-attachment":"scroll","background-type":"","background-media":"","overlay-type":"","overlay-color":"","overlay-opacity":"","overlay-gradient":""},"tablet":{"background-color":"var(--ast-global-color-5)","background-image":"","background-repeat":"repeat","background-position":"center center","background-size":"auto","background-attachment":"scroll","background-type":"","background-media":"","overlay-type":"","overlay-color":"","overlay-opacity":"","overlay-gradient":""},"mobile":{"background-color":"var(--ast-global-color-5)","background-image":"","background-repeat":"repeat","background-position":"center center","background-size":"auto","background-attachment":"scroll","background-type":"","background-media":"","overlay-type":"","overlay-color":"","overlay-opacity":"","overlay-gradient":""}}},"product_brand":[],"product_cat":[23],"product_tag":[],"class_list":{"0":"post-3087","1":"product","2":"type-product","3":"status-publish","4":"has-post-thumbnail","6":"product_cat-portable-solar-panel-series","7":"desktop-align-left","8":"tablet-align-left","9":"mobile-align-left","10":"ast-product-gallery-layout-horizontal-slider","11":"ast-product-tabs-layout-horizontal","13":"first","14":"instock","15":"shipping-taxable","16":"product-type-simple"},"_links":{"self":[{"href":"https:\/\/zoupwsolar.com\/es\/wp-json\/wp\/v2\/product\/3087","targetHints":{"allow":["GET"]}}],"collection":[{"href":"https:\/\/zoupwsolar.com\/es\/wp-json\/wp\/v2\/product"}],"about":[{"href":"https:\/\/zoupwsolar.com\/es\/wp-json\/wp\/v2\/types\/product"}],"wp:featuredmedia":[{"embeddable":true,"href":"https:\/\/zoupwsolar.com\/es\/wp-json\/wp\/v2\/media\/3078"}],"wp:attachment":[{"href":"https:\/\/zoupwsolar.com\/es\/wp-json\/wp\/v2\/media?parent=3087"}],"wp:term":[{"taxonomy":"product_brand","embeddable":true,"href":"https:\/\/zoupwsolar.com\/es\/wp-json\/wp\/v2\/product_brand?post=3087"},{"taxonomy":"product_cat","embeddable":true,"href":"https:\/\/zoupwsolar.com\/es\/wp-json\/wp\/v2\/product_cat?post=3087"},{"taxonomy":"product_tag","embeddable":true,"href":"https:\/\/zoupwsolar.com\/es\/wp-json\/wp\/v2\/product_tag?post=3087"}],"curies":[{"name":"wp","href":"https:\/\/api.w.org\/{rel}","templated":true}]}}