{"id":3133,"date":"2025-11-24T06:32:54","date_gmt":"2025-11-24T06:32:54","guid":{"rendered":"https:\/\/zoupwsolar.com\/?post_type=product&#038;p=3133"},"modified":"2025-11-24T06:32:54","modified_gmt":"2025-11-24T06:32:54","slug":"zoupw-180w-folding-etfe-solar-panel","status":"publish","type":"product","link":"https:\/\/zoupwsolar.com\/es\/producto\/zoupw-180w-folding-etfe-solar-panel\/","title":{"rendered":"ZOUPW 180W Plegable ETFE Panel Solar"},"content":{"rendered":"<p>La serie de paneles solares plegables ZOUPW es ligera, duradera y altamente compatible con una amplia variedad de dispositivos. Con una completa protecci\u00f3n de seguridad y un dise\u00f1o plegable y port\u00e1til, es ideal para veh\u00edculos recreativos, campamentos y copias de seguridad de emergencia fuera de la red, proporcionando energ\u00eda eficiente y fiable para sistemas de almacenamiento de energ\u00eda y uso al aire libre.<\/p>","protected":false},"excerpt":{"rendered":"<p><b>Caracter\u00edsticas <\/b><\/p>\n<p>\u25c6 C\u00e9lulas de tipo N con eficacia 25%.<\/p>\n<p>\u25c6 Dise\u00f1o 16BB para un rendimiento superior con poca luz y una larga vida \u00fatil.<\/p>\n<p>\u25c6 Capa de ETFE duradera para resistencia al agua, al polvo y a altas temperaturas.<\/p>\n<p>\u25c6 Dise\u00f1ado con marco de aluminio y IP68 impermeable rating-endure duras condiciones al aire libre.<\/p>\n<p>\u25c6 Amplia compatibilidad con centrales el\u00e9ctricas.<\/p>\n<p>\u25c6 Plegable dise\u00f1ado con kickstands reforzados es f\u00e1cil de configurar para aventuras al aire libre.<\/p>","protected":false},"featured_media":3134,"template":"","meta":{"site-sidebar-layout":"default","site-content-layout":"","ast-site-content-layout":"default","site-content-style":"default","site-sidebar-style":"default","ast-global-header-display":"","ast-banner-title-visibility":"","ast-main-header-display":"","ast-hfb-above-header-display":"","ast-hfb-below-header-display":"","ast-hfb-mobile-header-display":"","site-post-title":"","ast-breadcrumbs-content":"","ast-featured-img":"","footer-sml-layout":"","theme-transparent-header-meta":"default","adv-header-id-meta":"","stick-header-meta":"","header-above-stick-meta":"","header-main-stick-meta":"","header-below-stick-meta":"","astra-migrate-meta-layouts":"set","ast-page-background-enabled":"default","ast-page-background-meta":{"desktop":{"background-color":"var(--ast-global-color-4)","background-image":"","background-repeat":"repeat","background-position":"center center","background-size":"auto","background-attachment":"scroll","background-type":"","background-media":"","overlay-type":"","overlay-color":"","overlay-opacity":"","overlay-gradient":""},"tablet":{"background-color":"","background-image":"","background-repeat":"repeat","background-position":"center center","background-size":"auto","background-attachment":"scroll","background-type":"","background-media":"","overlay-type":"","overlay-color":"","overlay-opacity":"","overlay-gradient":""},"mobile":{"background-color":"","background-image":"","background-repeat":"repeat","background-position":"center center","background-size":"auto","background-attachment":"scroll","background-type":"","background-media":"","overlay-type":"","overlay-color":"","overlay-opacity":"","overlay-gradient":""}},"ast-content-background-meta":{"desktop":{"background-color":"var(--ast-global-color-5)","background-image":"","background-repeat":"repeat","background-position":"center center","background-size":"auto","background-attachment":"scroll","background-type":"","background-media":"","overlay-type":"","overlay-color":"","overlay-opacity":"","overlay-gradient":""},"tablet":{"background-color":"var(--ast-global-color-5)","background-image":"","background-repeat":"repeat","background-position":"center center","background-size":"auto","background-attachment":"scroll","background-type":"","background-media":"","overlay-type":"","overlay-color":"","overlay-opacity":"","overlay-gradient":""},"mobile":{"background-color":"var(--ast-global-color-5)","background-image":"","background-repeat":"repeat","background-position":"center center","background-size":"auto","background-attachment":"scroll","background-type":"","background-media":"","overlay-type":"","overlay-color":"","overlay-opacity":"","overlay-gradient":""}}},"product_brand":[],"product_cat":[41],"product_tag":[],"class_list":{"0":"post-3133","1":"product","2":"type-product","3":"status-publish","4":"has-post-thumbnail","6":"product_cat-powerfold-series","7":"desktop-align-left","8":"tablet-align-left","9":"mobile-align-left","10":"ast-product-gallery-layout-horizontal-slider","11":"ast-product-tabs-layout-horizontal","13":"first","14":"instock","15":"shipping-taxable","16":"product-type-simple"},"_links":{"self":[{"href":"https:\/\/zoupwsolar.com\/es\/wp-json\/wp\/v2\/product\/3133","targetHints":{"allow":["GET"]}}],"collection":[{"href":"https:\/\/zoupwsolar.com\/es\/wp-json\/wp\/v2\/product"}],"about":[{"href":"https:\/\/zoupwsolar.com\/es\/wp-json\/wp\/v2\/types\/product"}],"wp:featuredmedia":[{"embeddable":true,"href":"https:\/\/zoupwsolar.com\/es\/wp-json\/wp\/v2\/media\/3134"}],"wp:attachment":[{"href":"https:\/\/zoupwsolar.com\/es\/wp-json\/wp\/v2\/media?parent=3133"}],"wp:term":[{"taxonomy":"product_brand","embeddable":true,"href":"https:\/\/zoupwsolar.com\/es\/wp-json\/wp\/v2\/product_brand?post=3133"},{"taxonomy":"product_cat","embeddable":true,"href":"https:\/\/zoupwsolar.com\/es\/wp-json\/wp\/v2\/product_cat?post=3133"},{"taxonomy":"product_tag","embeddable":true,"href":"https:\/\/zoupwsolar.com\/es\/wp-json\/wp\/v2\/product_tag?post=3133"}],"curies":[{"name":"wp","href":"https:\/\/api.w.org\/{rel}","templated":true}]}}